{"id":10,"date":"2024-05-21T17:23:09","date_gmt":"2024-05-21T15:23:09","guid":{"rendered":"http:\/\/www.abprenovation.fr\/?page_id=10"},"modified":"2024-09-01T23:22:07","modified_gmt":"2024-09-01T21:22:07","slug":"abp-renovation-renovation-dinterieur-et-electricite","status":"publish","type":"page","link":"https:\/\/www.abprenovation.fr\/","title":{"rendered":"ABP R\u00e9novation &#8211; R\u00e9novation d&rsquo;int\u00e9rieur et \u00e9lectricit\u00e9"},"content":{"rendered":"\n\n\n\n\n\n\n\n","protected":false},"excerpt":{"rendered":"","protected":false},"author":2,"featured_media":0,"parent":0,"menu_order":0,"comment_status":"closed","ping_status":"closed","template":"","meta":{"saved_in_kubio":true,"footnotes":""},"class_list":["post-10","page","type-page","status-publish","hentry"],"kubio_ai_page_context":{"short_desc":"","purpose":"general"},"_links":{"self":[{"href":"https:\/\/www.abprenovation.fr\/index.php?rest_route=\/wp\/v2\/pages\/10","targetHints":{"allow":["GET"]}}],"collection":[{"href":"https:\/\/www.abprenovation.fr\/index.php?rest_route=\/wp\/v2\/pages"}],"about":[{"href":"https:\/\/www.abprenovation.fr\/index.php?rest_route=\/wp\/v2\/types\/page"}],"author":[{"embeddable":true,"href":"https:\/\/www.abprenovation.fr\/index.php?rest_route=\/wp\/v2\/users\/2"}],"replies":[{"embeddable":true,"href":"https:\/\/www.abprenovation.fr\/index.php?rest_route=%2Fwp%2Fv2%2Fcomments&post=10"}],"version-history":[{"count":55,"href":"https:\/\/www.abprenovation.fr\/index.php?rest_route=\/wp\/v2\/pages\/10\/revisions"}],"predecessor-version":[{"id":299,"href":"https:\/\/www.abprenovation.fr\/index.php?rest_route=\/wp\/v2\/pages\/10\/revisions\/299"}],"wp:attachment":[{"href":"https:\/\/www.abprenovation.fr\/index.php?rest_route=%2Fwp%2Fv2%2Fmedia&parent=10"}],"curies":[{"name":"wp","href":"https:\/\/api.w.org\/{rel}","templated":true}]}}